{"id":643,"date":"2024-04-17T11:21:29","date_gmt":"2024-04-17T09:21:29","guid":{"rendered":"https:\/\/inno-ms.fr\/?page_id=643"},"modified":"2024-05-07T10:59:14","modified_gmt":"2024-05-07T08:59:14","slug":"nos-realisations","status":"publish","type":"page","link":"https:\/\/inno-ms.fr\/?page_id=643","title":{"rendered":"Nos r\u00e9alisations"},"content":{"rendered":"\t\t<div data-elementor-type=\"wp-page\" data-elementor-id=\"643\" class=\"elementor elementor-643\">\n\t\t\t\t<div class=\"elementor-element elementor-element-f7e9162 e-flex e-con-boxed e-con e-parent\" data-id=\"f7e9162\" data-element_type=\"container\">\n\t\t\t\t\t<div class=\"e-con-inner\">\n\t\t\t\t<div class=\"elementor-element elementor-element-394d95a elementor-widget elementor-widget-spacer\" data-id=\"394d95a\" data-element_type=\"widget\" data-widget_type=\"spacer.default\">\n\t\t\t\t<div class=\"elementor-widget-container\">\n\t\t\t\t\t\t\t<div class=\"elementor-spacer\">\n\t\t\t<div class=\"elementor-spacer-inner\"><\/div>\n\t\t<\/div>\n\t\t\t\t\t\t<\/div>\n\t\t\t\t<\/div>\n\t\t\t\t\t<\/div>\n\t\t\t\t<\/div>\n\t\t\t\t<\/div>\n\t\t","protected":false},"excerpt":{"rendered":"","protected":false},"author":1,"featured_media":0,"parent":0,"menu_order":0,"comment_status":"closed","ping_status":"closed","template":"","meta":{"footnotes":""},"yoast_head":"<!-- This site is optimized with the Yoast SEO plugin v22.3 - https:\/\/yoast.com\/wordpress\/plugins\/seo\/ -->\n<title>Nos r\u00e9alisations - INNO MS<\/title>\n<meta name=\"robots\" content=\"index, follow, max-snippet:-1, max-image-preview:large, max-video-preview:-1\" \/>\n<link rel=\"canonical\" href=\"https:\/\/inno-ms.fr\/?page_id=643\" \/>\n<meta property=\"og:locale\" content=\"fr_FR\" \/>\n<meta property=\"og:type\" content=\"article\" \/>\n<meta property=\"og:title\" content=\"Nos r\u00e9alisations - INNO MS\" \/>\n<meta property=\"og:url\" content=\"https:\/\/inno-ms.fr\/?page_id=643\" \/>\n<meta property=\"og:site_name\" content=\"INNO MS\" \/>\n<meta property=\"article:modified_time\" content=\"2024-05-07T08:59:14+00:00\" \/>\n<meta name=\"twitter:card\" content=\"summary_large_image\" \/>\n<meta name=\"twitter:label1\" content=\"Dur\u00e9e de lecture estim\u00e9e\" \/>\n\t<meta name=\"twitter:data1\" content=\"3 minutes\" \/>\n<script type=\"application\/ld+json\" class=\"yoast-schema-graph\">{\"@context\":\"https:\/\/schema.org\",\"@graph\":[{\"@type\":\"WebPage\",\"@id\":\"https:\/\/inno-ms.fr\/?page_id=643\",\"url\":\"https:\/\/inno-ms.fr\/?page_id=643\",\"name\":\"Nos r\u00e9alisations - INNO MS\",\"isPartOf\":{\"@id\":\"https:\/\/inno-ms.fr\/#website\"},\"datePublished\":\"2024-04-17T09:21:29+00:00\",\"dateModified\":\"2024-05-07T08:59:14+00:00\",\"breadcrumb\":{\"@id\":\"https:\/\/inno-ms.fr\/?page_id=643#breadcrumb\"},\"inLanguage\":\"fr-FR\",\"potentialAction\":[{\"@type\":\"ReadAction\",\"target\":[\"https:\/\/inno-ms.fr\/?page_id=643\"]}]},{\"@type\":\"BreadcrumbList\",\"@id\":\"https:\/\/inno-ms.fr\/?page_id=643#breadcrumb\",\"itemListElement\":[{\"@type\":\"ListItem\",\"position\":1,\"name\":\"Accueil\",\"item\":\"https:\/\/inno-ms.fr\/\"},{\"@type\":\"ListItem\",\"position\":2,\"name\":\"Nos r\u00e9alisations\"}]},{\"@type\":\"WebSite\",\"@id\":\"https:\/\/inno-ms.fr\/#website\",\"url\":\"https:\/\/inno-ms.fr\/\",\"name\":\"INNO MS\",\"description\":\"Aux c\u00f4t\u00e9s des professionnels de l&#039;am\u00e9nagement ext\u00e9rieur\",\"publisher\":{\"@id\":\"https:\/\/inno-ms.fr\/#organization\"},\"potentialAction\":[{\"@type\":\"SearchAction\",\"target\":{\"@type\":\"EntryPoint\",\"urlTemplate\":\"https:\/\/inno-ms.fr\/?s={search_term_string}\"},\"query-input\":\"required name=search_term_string\"}],\"inLanguage\":\"fr-FR\"},{\"@type\":\"Organization\",\"@id\":\"https:\/\/inno-ms.fr\/#organization\",\"name\":\"INNO MS\",\"url\":\"https:\/\/inno-ms.fr\/\",\"logo\":{\"@type\":\"ImageObject\",\"inLanguage\":\"fr-FR\",\"@id\":\"https:\/\/inno-ms.fr\/#\/schema\/logo\/image\/\",\"url\":\"https:\/\/inno-ms.fr\/wp-content\/uploads\/2024\/03\/Logo_INNO-MS-1.png\",\"contentUrl\":\"https:\/\/inno-ms.fr\/wp-content\/uploads\/2024\/03\/Logo_INNO-MS-1.png\",\"width\":218,\"height\":100,\"caption\":\"INNO MS\"},\"image\":{\"@id\":\"https:\/\/inno-ms.fr\/#\/schema\/logo\/image\/\"}}]}<\/script>\n<!-- \/ Yoast SEO plugin. -->","yoast_head_json":{"title":"Nos r\u00e9alisations - INNO MS","robots":{"index":"index","follow":"follow","max-snippet":"max-snippet:-1","max-image-preview":"max-image-preview:large","max-video-preview":"max-video-preview:-1"},"canonical":"https:\/\/inno-ms.fr\/?page_id=643","og_locale":"fr_FR","og_type":"article","og_title":"Nos r\u00e9alisations - INNO MS","og_url":"https:\/\/inno-ms.fr\/?page_id=643","og_site_name":"INNO MS","article_modified_time":"2024-05-07T08:59:14+00:00","twitter_card":"summary_large_image","twitter_misc":{"Dur\u00e9e de lecture estim\u00e9e":"3 minutes"},"schema":{"@context":"https:\/\/schema.org","@graph":[{"@type":"WebPage","@id":"https:\/\/inno-ms.fr\/?page_id=643","url":"https:\/\/inno-ms.fr\/?page_id=643","name":"Nos r\u00e9alisations - INNO MS","isPartOf":{"@id":"https:\/\/inno-ms.fr\/#website"},"datePublished":"2024-04-17T09:21:29+00:00","dateModified":"2024-05-07T08:59:14+00:00","breadcrumb":{"@id":"https:\/\/inno-ms.fr\/?page_id=643#breadcrumb"},"inLanguage":"fr-FR","potentialAction":[{"@type":"ReadAction","target":["https:\/\/inno-ms.fr\/?page_id=643"]}]},{"@type":"BreadcrumbList","@id":"https:\/\/inno-ms.fr\/?page_id=643#breadcrumb","itemListElement":[{"@type":"ListItem","position":1,"name":"Accueil","item":"https:\/\/inno-ms.fr\/"},{"@type":"ListItem","position":2,"name":"Nos r\u00e9alisations"}]},{"@type":"WebSite","@id":"https:\/\/inno-ms.fr\/#website","url":"https:\/\/inno-ms.fr\/","name":"INNO MS","description":"Aux c\u00f4t\u00e9s des professionnels de l&#039;am\u00e9nagement ext\u00e9rieur","publisher":{"@id":"https:\/\/inno-ms.fr\/#organization"},"potentialAction":[{"@type":"SearchAction","target":{"@type":"EntryPoint","urlTemplate":"https:\/\/inno-ms.fr\/?s={search_term_string}"},"query-input":"required name=search_term_string"}],"inLanguage":"fr-FR"},{"@type":"Organization","@id":"https:\/\/inno-ms.fr\/#organization","name":"INNO MS","url":"https:\/\/inno-ms.fr\/","logo":{"@type":"ImageObject","inLanguage":"fr-FR","@id":"https:\/\/inno-ms.fr\/#\/schema\/logo\/image\/","url":"https:\/\/inno-ms.fr\/wp-content\/uploads\/2024\/03\/Logo_INNO-MS-1.png","contentUrl":"https:\/\/inno-ms.fr\/wp-content\/uploads\/2024\/03\/Logo_INNO-MS-1.png","width":218,"height":100,"caption":"INNO MS"},"image":{"@id":"https:\/\/inno-ms.fr\/#\/schema\/logo\/image\/"}}]}},"_links":{"self":[{"href":"https:\/\/inno-ms.fr\/index.php?rest_route=\/wp\/v2\/pages\/643"}],"collection":[{"href":"https:\/\/inno-ms.fr\/index.php?rest_route=\/wp\/v2\/pages"}],"about":[{"href":"https:\/\/inno-ms.fr\/index.php?rest_route=\/wp\/v2\/types\/page"}],"author":[{"embeddable":true,"href":"https:\/\/inno-ms.fr\/index.php?rest_route=\/wp\/v2\/users\/1"}],"replies":[{"embeddable":true,"href":"https:\/\/inno-ms.fr\/index.php?rest_route=%2Fwp%2Fv2%2Fcomments&post=643"}],"version-history":[{"count":7,"href":"https:\/\/inno-ms.fr\/index.php?rest_route=\/wp\/v2\/pages\/643\/revisions"}],"predecessor-version":[{"id":725,"href":"https:\/\/inno-ms.fr\/index.php?rest_route=\/wp\/v2\/pages\/643\/revisions\/725"}],"wp:attachment":[{"href":"https:\/\/inno-ms.fr\/index.php?rest_route=%2Fwp%2Fv2%2Fmedia&parent=643"}],"curies":[{"name":"wp","href":"https:\/\/api.w.org\/{rel}","templated":true}]}}